{"id":10,"date":"2022-03-01T21:46:13","date_gmt":"2022-03-01T20:46:13","guid":{"rendered":"http:\/\/hika-bau.de\/?page_id=10"},"modified":"2024-06-11T22:45:08","modified_gmt":"2024-06-11T20:45:08","slug":"startseite-1","status":"publish","type":"page","link":"https:\/\/hika-bau.de\/","title":{"rendered":"Startseite"},"content":{"rendered":"\t\t<div data-elementor-type=\"wp-page\" data-elementor-id=\"10\" class=\"elementor elementor-10\">\n\t\t\t\t\t\t<section class=\"elementor-section elementor-top-section elementor-element elementor-element-b5eafb0 elementor-section-boxed elementor-section-height-default elementor-section-height-default\" data-id=\"b5eafb0\" data-element_type=\"section\" data-e-type=\"section\">\n\t\t\t\t\t\t<div class=\"elementor-container elementor-column-gap-default\">\n\t\t\t\t\t<div class=\"elementor-column elementor-col-100 elementor-top-column elementor-element elementor-element-d6a2687\" data-id=\"d6a2687\" data-element_type=\"column\" data-e-type=\"column\">\n\t\t\t<div class=\"elementor-widget-wrap elementor-element-populated\">\n\t\t\t\t\t\t<div class=\"elementor-element elementor-element-d097a77 elementor-widget elementor-widget-image\" data-id=\"d097a77\" data-element_type=\"widget\" data-e-type=\"widget\" data-widget_type=\"image.default\">\n\t\t\t\t<div class=\"elementor-widget-container\">\n\t\t\t\t\t\t\t\t\t\t\t\t\t\t\t<img fetchpriority=\"high\" decoding=\"async\" width=\"826\" height=\"552\" src=\"https:\/\/hika-bau.de\/wp-content\/uploads\/2024\/06\/ADFC8C1B-E020-4E84-83EB-CCE464E6E7D6.jpeg\" class=\"attachment-large size-large wp-image-269\" alt=\"\" srcset=\"https:\/\/hika-bau.de\/wp-content\/uploads\/2024\/06\/ADFC8C1B-E020-4E84-83EB-CCE464E6E7D6.jpeg 826w, https:\/\/hika-bau.de\/wp-content\/uploads\/2024\/06\/ADFC8C1B-E020-4E84-83EB-CCE464E6E7D6-300x200.jpeg 300w, https:\/\/hika-bau.de\/wp-content\/uploads\/2024\/06\/ADFC8C1B-E020-4E84-83EB-CCE464E6E7D6-768x513.jpeg 768w\" sizes=\"(max-width: 826px) 100vw, 826px\" \/>\t\t\t\t\t\t\t\t\t\t\t\t\t\t\t<\/div>\n\t\t\t\t<\/div>\n\t\t\t\t\t<\/div>\n\t\t<\/div>\n\t\t\t\t\t<\/div>\n\t\t<\/section>\n\t\t\t\t<section class=\"elementor-section elementor-top-section elementor-element elementor-element-1c8f681 elementor-section-content-middle animated-slow elementor-section-boxed elementor-section-height-default elementor-section-height-default\" data-id=\"1c8f681\" data-element_type=\"section\" data-e-type=\"section\" id=\"anchor\" data-settings=\"{&quot;background_background&quot;:&quot;classic&quot;,&quot;animation&quot;:&quot;none&quot;}\">\n\t\t\t\t\t\t<div class=\"elementor-container elementor-column-gap-default\">\n\t\t\t\t\t<div class=\"elementor-column elementor-col-100 elementor-top-column elementor-element elementor-element-67e59395 elementor-invisible\" data-id=\"67e59395\" data-element_type=\"column\" data-e-type=\"column\" data-settings=\"{&quot;animation&quot;:&quot;fadeInRight&quot;}\">\n\t\t\t<div class=\"elementor-widget-wrap elementor-element-populated\">\n\t\t\t\t\t\t<div class=\"elementor-element elementor-element-1414525 elementor-invisible elementor-widget elementor-widget-heading\" data-id=\"1414525\" data-element_type=\"widget\" data-e-type=\"widget\" data-settings=\"{&quot;_animation&quot;:&quot;fadeIn&quot;}\" data-widget_type=\"heading.default\">\n\t\t\t\t<div class=\"elementor-widget-container\">\n\t\t\t\t\t<h2 class=\"elementor-heading-title elementor-size-default\">Das Unternehmen<\/h2>\t\t\t\t<\/div>\n\t\t\t\t<\/div>\n\t\t\t\t<div class=\"elementor-element elementor-element-0756b56 elementor-invisible elementor-widget elementor-widget-text-editor\" data-id=\"0756b56\" data-element_type=\"widget\" data-e-type=\"widget\" data-settings=\"{&quot;_animation&quot;:&quot;fadeIn&quot;}\" data-widget_type=\"text-editor.default\">\n\t\t\t\t<div class=\"elementor-widget-container\">\n\t\t\t\t\t\t\t\t\t<p class=\"p1\"><span class=\"s1\">Erfahrung, Leidenschaft und Pr\u00e4zision im Bauhandwerk<\/span><\/p><p class=\"p2\"><span class=\"s2\">Seit 2008 stehen wir als regionales Familienunternehmen f\u00fcr Zuverl\u00e4ssigkeit und Qualit\u00e4t am Bau. Gemeinsam mit unseren qualifizierten Mitarbeitern f\u00fchren wir die unterschiedlichsten Bauprojekte im Gro\u00dfraum Stuttgart aus. Zu unserem Leistungsspektrum geh\u00f6rt die Realisierung von Neubauvorhaben, umfangreichen Sanierungsprojekten, Umbau- und Instandhaltungsarbeiten sowie Pflaster- und Wegebau.<\/span><\/p>\t\t\t\t\t\t\t\t<\/div>\n\t\t\t\t<\/div>\n\t\t\t\t<div class=\"elementor-element elementor-element-6fdad82 elementor-widget elementor-widget-heading\" data-id=\"6fdad82\" data-element_type=\"widget\" data-e-type=\"widget\" data-settings=\"{&quot;_animation&quot;:&quot;none&quot;}\" data-widget_type=\"heading.default\">\n\t\t\t\t<div class=\"elementor-widget-container\">\n\t\t\t\t\t<h2 class=\"elementor-heading-title elementor-size-default\">Unsere Leistungen <\/h2>\t\t\t\t<\/div>\n\t\t\t\t<\/div>\n\t\t\t\t<div class=\"elementor-element elementor-element-76eed05 elementor-invisible elementor-widget elementor-widget-text-editor\" data-id=\"76eed05\" data-element_type=\"widget\" data-e-type=\"widget\" data-settings=\"{&quot;_animation&quot;:&quot;fadeIn&quot;}\" data-widget_type=\"text-editor.default\">\n\t\t\t\t<div class=\"elementor-widget-container\">\n\t\t\t\t\t\t\t\t\t<h1 class=\"p1\">Hochbau<\/h1><p class=\"p1\"><span class=\"s1\">Unabh\u00e4ngig davon, ob Neubau oder Umbau und Sanierung &#8211; unsere Kunden profitieren stets von unserem eigenen qualitativen Anspruch sowie unserer Erfahrung.<\/span><\/p><p class=\"p3\"><span class=\"s2\">Zu unserem Leistungsspektrum geh\u00f6ren:<\/span><\/p><ul class=\"ul1\"><li class=\"li1\"><span class=\"s1\"> Allgemeiner Hochbau f\u00fcr die \u00f6ffentliche Hand<\/span><\/li><li class=\"li1\"><span class=\"s1\"> Private Bauherren sowie Wohnungsbautr\u00e4ger und Genossenschaften<\/span><\/li><li class=\"li1\"><span class=\"s1\"> Industrie und Gewerbebau<\/span><\/li><li class=\"li1\"><span class=\"s1\"> Umfangreiche Wohnbauobjekte mit Tiefgaragen<\/span><\/li><li class=\"li1\"><span class=\"s1\"> Umbau- und Sanierungsarbeiten<\/span><\/li><li class=\"li1\"><span class=\"s1\"> Aufstockungen und Erweiterungen<\/span><\/li><li class=\"li1\"><p class=\"p1\" style=\"margin-bottom: 0px; font-style: normal; font-variant-caps: normal; font-stretch: normal; font-size: 17px; line-height: normal; text-align: start; -webkit-text-size-adjust: auto;\"><span class=\"s1\" style=\"font-family: UICTFontTextStyleBody; font-style: normal; font-size: 17px;\">Rohbauarbeiten aller Art<\/span><\/p><\/li><\/ul>\t\t\t\t\t\t\t\t<\/div>\n\t\t\t\t<\/div>\n\t\t\t\t<div class=\"elementor-element elementor-element-84493d0 elementor-widget elementor-widget-image\" data-id=\"84493d0\" data-element_type=\"widget\" data-e-type=\"widget\" data-widget_type=\"image.default\">\n\t\t\t\t<div class=\"elementor-widget-container\">\n\t\t\t\t\t\t\t\t\t\t\t\t\t\t\t<img decoding=\"async\" width=\"976\" height=\"638\" src=\"https:\/\/hika-bau.de\/wp-content\/uploads\/2024\/05\/CAE0A8CF-91D9-4B6B-ABAB-32C82D495EE4.jpeg\" class=\"attachment-large size-large wp-image-208\" alt=\"\" srcset=\"https:\/\/hika-bau.de\/wp-content\/uploads\/2024\/05\/CAE0A8CF-91D9-4B6B-ABAB-32C82D495EE4.jpeg 976w, https:\/\/hika-bau.de\/wp-content\/uploads\/2024\/05\/CAE0A8CF-91D9-4B6B-ABAB-32C82D495EE4-300x196.jpeg 300w, https:\/\/hika-bau.de\/wp-content\/uploads\/2024\/05\/CAE0A8CF-91D9-4B6B-ABAB-32C82D495EE4-768x502.jpeg 768w\" sizes=\"(max-width: 976px) 100vw, 976px\" \/>\t\t\t\t\t\t\t\t\t\t\t\t\t\t\t<\/div>\n\t\t\t\t<\/div>\n\t\t\t\t<div class=\"elementor-element elementor-element-2a4801f elementor-invisible elementor-widget elementor-widget-text-editor\" data-id=\"2a4801f\" data-element_type=\"widget\" data-e-type=\"widget\" data-settings=\"{&quot;_animation&quot;:&quot;fadeIn&quot;}\" data-widget_type=\"text-editor.default\">\n\t\t\t\t<div class=\"elementor-widget-container\">\n\t\t\t\t\t\t\t\t\t<h1 class=\"p1\"><strong><span class=\"s1\">Umbau &amp; Sanierung <\/span><\/strong><\/h1><p class=\"p1\"><span class=\"s1\">Mithilfe eines professionellen Bauunternehmens haben Sie die M\u00f6glichkeit, mehr aus Ihrem Objekt zu machen. Gestalten Sie den Innenraum mit uns v\u00f6llig neu. Erweiterung, Aus-\/ Umbau, Sanierung &#8211; wir zeigen Ihnen in einem umfassenden Beratungsgespr\u00e4ch, welche zahlreichen Gestaltungsm\u00f6glichkeiten sich in Ihrer Immobilie ergeben.<\/span><\/p><p class=\"p3\"><span class=\"s2\">Zu unserem Leistungsspektrum geh\u00f6ren:<\/span><\/p><ul class=\"ul1\"><li class=\"li1\"><span class=\"s1\"> Reparatur von Putzsch\u00e4den<\/span><\/li><li class=\"li1\"><span class=\"s1\"> Abbruch- und Umbauarbeiten<\/span><\/li><li class=\"li1\"><span class=\"s1\"> Herstellung neuer T\u00fcr- und Fenster\u00f6ffnungen<\/span><\/li><li class=\"li1\"><span class=\"s1\"> und vieles mehr&#8230;<\/span><\/li><\/ul>\t\t\t\t\t\t\t\t<\/div>\n\t\t\t\t<\/div>\n\t\t\t\t<div class=\"elementor-element elementor-element-936bec9 elementor-widget elementor-widget-image\" data-id=\"936bec9\" data-element_type=\"widget\" data-e-type=\"widget\" data-widget_type=\"image.default\">\n\t\t\t\t<div class=\"elementor-widget-container\">\n\t\t\t\t\t\t\t\t\t\t\t\t\t\t\t<img decoding=\"async\" width=\"1024\" height=\"576\" src=\"https:\/\/hika-bau.de\/wp-content\/uploads\/2024\/06\/604EC78B-FD8D-479F-9336-637EDB609DA1-1024x576.jpeg\" class=\"attachment-large size-large wp-image-267\" alt=\"\" srcset=\"https:\/\/hika-bau.de\/wp-content\/uploads\/2024\/06\/604EC78B-FD8D-479F-9336-637EDB609DA1-1024x576.jpeg 1024w, https:\/\/hika-bau.de\/wp-content\/uploads\/2024\/06\/604EC78B-FD8D-479F-9336-637EDB609DA1-300x169.jpeg 300w, https:\/\/hika-bau.de\/wp-content\/uploads\/2024\/06\/604EC78B-FD8D-479F-9336-637EDB609DA1-768x432.jpeg 768w, https:\/\/hika-bau.de\/wp-content\/uploads\/2024\/06\/604EC78B-FD8D-479F-9336-637EDB609DA1-1536x864.jpeg 1536w, https:\/\/hika-bau.de\/wp-content\/uploads\/2024\/06\/604EC78B-FD8D-479F-9336-637EDB609DA1.jpeg 1920w\" sizes=\"(max-width: 1024px) 100vw, 1024px\" \/>\t\t\t\t\t\t\t\t\t\t\t\t\t\t\t<\/div>\n\t\t\t\t<\/div>\n\t\t\t\t<div class=\"elementor-element elementor-element-878cdc5 elementor-invisible elementor-widget elementor-widget-text-editor\" data-id=\"878cdc5\" data-element_type=\"widget\" data-e-type=\"widget\" data-settings=\"{&quot;_animation&quot;:&quot;fadeIn&quot;}\" data-widget_type=\"text-editor.default\">\n\t\t\t\t<div class=\"elementor-widget-container\">\n\t\t\t\t\t\t\t\t\t<h1 class=\"p1\"><strong><span class=\"s1\">Tiefbau<\/span><\/strong><\/h1><p class=\"p1\"><span class=\"s1\">Die Bauunternehmung Hika-Bau GmbH realisiert seit Jahren professionelle Tiefbauarbeiten f\u00fcr die \u00f6ffentliche Hand und Auftraggeber aus Gewerbe- und Industrie.<\/span><\/p><p class=\"p1\"><span class=\"s1\">Zu unseren T\u00e4tigkeiten geh\u00f6ren Kanalbauarbeiten, Zisternen und Entw\u00e4sserungsanlagen, Bodenarbeiten aller Art.<\/span><\/p><p class=\"p3\"><span class=\"s2\">Zu unserem Leistungsspektrum geh\u00f6ren:<\/span><\/p><ul class=\"ul1\"><li class=\"li1\"><span class=\"s1\"> Kanalbau<\/span><\/li><li class=\"li1\"><span class=\"s1\"> Bodenarbeiten<\/span><\/li><li class=\"li1\"><span class=\"s1\"> Erdbau<\/span><\/li><li class=\"li1\"><span class=\"s1\"> Abdichtungs und Drainagearbeiten<\/span><\/li><\/ul>\t\t\t\t\t\t\t\t<\/div>\n\t\t\t\t<\/div>\n\t\t\t\t<div class=\"elementor-element elementor-element-f72f0f1 elementor-widget elementor-widget-image\" data-id=\"f72f0f1\" data-element_type=\"widget\" data-e-type=\"widget\" data-widget_type=\"image.default\">\n\t\t\t\t<div class=\"elementor-widget-container\">\n\t\t\t\t\t\t\t\t\t\t\t\t\t\t\t<img loading=\"lazy\" decoding=\"async\" width=\"950\" height=\"475\" src=\"https:\/\/hika-bau.de\/wp-content\/uploads\/2024\/06\/8224E93D-5EEA-4B74-925A-46FF72C8434E.webp\" class=\"attachment-large size-large wp-image-270\" alt=\"\" srcset=\"https:\/\/hika-bau.de\/wp-content\/uploads\/2024\/06\/8224E93D-5EEA-4B74-925A-46FF72C8434E.webp 950w, https:\/\/hika-bau.de\/wp-content\/uploads\/2024\/06\/8224E93D-5EEA-4B74-925A-46FF72C8434E-300x150.webp 300w, https:\/\/hika-bau.de\/wp-content\/uploads\/2024\/06\/8224E93D-5EEA-4B74-925A-46FF72C8434E-768x384.webp 768w\" sizes=\"(max-width: 950px) 100vw, 950px\" \/>\t\t\t\t\t\t\t\t\t\t\t\t\t\t\t<\/div>\n\t\t\t\t<\/div>\n\t\t\t\t<div class=\"elementor-element elementor-element-56e8e84 elementor-invisible elementor-widget elementor-widget-text-editor\" data-id=\"56e8e84\" data-element_type=\"widget\" data-e-type=\"widget\" data-settings=\"{&quot;_animation&quot;:&quot;fadeIn&quot;}\" data-widget_type=\"text-editor.default\">\n\t\t\t\t<div class=\"elementor-widget-container\">\n\t\t\t\t\t\t\t\t\t<h1 class=\"p1\"><strong><span class=\"s1\">Au\u00dfenanlagen <\/span><\/strong><\/h1><p class=\"p1\"><span class=\"s1\">Eine gut gestaltete und perfekt ausgef\u00fchrte Au\u00dfenanlage komplettiert Ihr Geb\u00e4udeobjekt im Au\u00dfenbereich und sorgt f\u00fcr den ersten Eindruck mit dem gewissen Etwas. Ob Hofeinfahrt, Gartenweg, Terrassen, Garagen oder Gartenanlagen &#8211; Sie k\u00f6nnen bei der Ausf\u00fchrung auf unsere jahrelange Erfahrung z\u00e4hlen.<\/span><\/p><p class=\"p3\"><span class=\"s2\">Zu unserem Leistungsspektrum geh\u00f6ren:<\/span><\/p><ul class=\"ul1\"><li class=\"li1\"><span class=\"s1\"> Pflaster und Wegebau<\/span><\/li><li class=\"li1\"><span class=\"s1\"> St\u00fctzmauern<\/span><\/li><li class=\"li1\"><span class=\"s1\"> Hofeinfahrten<\/span><\/li><li class=\"li1\"><span class=\"s1\"> Terrassenarbeiten<\/span><\/li><li>Fundament\/Podest f\u00fcr W\u00e4rmepumpen<\/li><\/ul>\t\t\t\t\t\t\t\t<\/div>\n\t\t\t\t<\/div>\n\t\t\t\t<div class=\"elementor-element elementor-element-62c2972 elementor-invisible elementor-widget elementor-widget-heading\" data-id=\"62c2972\" data-element_type=\"widget\" data-e-type=\"widget\" data-settings=\"{&quot;_animation&quot;:&quot;fadeIn&quot;}\" data-widget_type=\"heading.default\">\n\t\t\t\t<div class=\"elementor-widget-container\">\n\t\t\t\t\t<h2 class=\"elementor-heading-title elementor-size-default\">Qualit\u00e4t und Pr\u00e4zision<\/h2>\t\t\t\t<\/div>\n\t\t\t\t<\/div>\n\t\t\t\t<div class=\"elementor-element elementor-element-cb1833b elementor-invisible elementor-widget elementor-widget-text-editor\" data-id=\"cb1833b\" data-element_type=\"widget\" data-e-type=\"widget\" data-settings=\"{&quot;_animation&quot;:&quot;fadeIn&quot;}\" data-widget_type=\"text-editor.default\">\n\t\t\t\t<div class=\"elementor-widget-container\">\n\t\t\t\t\t\t\t\t\t<h1>\u00a0<\/h1><p>Universell kompetente Partner in allen Baufragen.<\/p><p><span class=\"s1\" style=\"font-family: UICTFontTextStyleBody; font-style: normal; font-size: 17px;\">Experten im Bauwesen<br \/><br \/>Erstklassige Baudienstleistungen<br \/><br \/>Breites Leistungsspektrum<\/span><\/p><p class=\"p1\" style=\"margin-bottom: 0px; font-style: normal; font-variant-caps: normal; font-stretch: normal; font-size: 17px; line-height: normal; caret-color: #000000; color: #000000; text-align: start; -webkit-text-size-adjust: auto;\"><span class=\"s1\" style=\"font-family: UICTFontTextStyleBody; font-style: normal; font-size: 17px;\">\u00a0<\/span><\/p><p>Wir beraten Sie gerne pers\u00f6nlich vor Ort und organisieren s\u00e4mtliche Materialien die daf\u00fcr notwendig sind. Sie m\u00fcssen sich um nichts k\u00fcmmern!\u00a0Wir f\u00fchren auch alle Vorarbeiten, sowie Ausbesserungs- oder Nacharbeiten durch.<\/p>\t\t\t\t\t\t\t\t<\/div>\n\t\t\t\t<\/div>\n\t\t\t\t\t<\/div>\n\t\t<\/div>\n\t\t\t\t\t<\/div>\n\t\t<\/section>\n\t\t\t\t<\/div>\n\t\t","protected":false},"excerpt":{"rendered":"<p>Das Unternehmen Erfahrung, Leidenschaft und Pr\u00e4zision im Bauhandwerk Seit 2008 stehen wir als regionales Familienunternehmen f\u00fcr Zuverl\u00e4ssigkeit und Qualit\u00e4t am Bau. Gemeinsam mit unseren qualifizierten Mitarbeitern f\u00fchren wir die unterschiedlichsten Bauprojekte im Gro\u00dfraum Stuttgart aus. Zu unserem Leistungsspektrum geh\u00f6rt die Realisierung von Neubauvorhaben, umfangreichen Sanierungsprojekten, Umbau- und Instandhaltungsarbeiten sowie Pflaster- und Wegebau. Unsere Leistungen Hochbau [&hellip;]<\/p>\n","protected":false},"author":1,"featured_media":0,"parent":0,"menu_order":0,"comment_status":"closed","ping_status":"closed","template":"","meta":{"ocean_post_layout":"full-screen","ocean_both_sidebars_style":"","ocean_both_sidebars_content_width":0,"ocean_both_sidebars_sidebars_width":0,"ocean_sidebar":"0","ocean_second_sidebar":"0","ocean_disable_margins":"enable","ocean_add_body_class":"","ocean_shortcode_before_top_bar":"","ocean_shortcode_after_top_bar":"","ocean_shortcode_before_header":"","ocean_shortcode_after_header":"","ocean_has_shortcode":"","ocean_shortcode_after_title":"","ocean_shortcode_before_footer_widgets":"","ocean_shortcode_after_footer_widgets":"","ocean_shortcode_before_footer_bottom":"","ocean_shortcode_after_footer_bottom":"","ocean_display_top_bar":"default","ocean_display_header":"default","ocean_header_style":"","ocean_center_header_left_menu":"0","ocean_custom_header_template":"0","ocean_custom_logo":0,"ocean_custom_retina_logo":0,"ocean_custom_logo_max_width":0,"ocean_custom_logo_tablet_max_width":0,"ocean_custom_logo_mobile_max_width":0,"ocean_custom_logo_max_height":0,"ocean_custom_logo_tablet_max_height":0,"ocean_custom_logo_mobile_max_height":0,"ocean_header_custom_menu":"0","ocean_menu_typo_font_family":"0","ocean_menu_typo_font_subset":"","ocean_menu_typo_font_size":0,"ocean_menu_typo_font_size_tablet":0,"ocean_menu_typo_font_size_mobile":0,"ocean_menu_typo_font_size_unit":"px","ocean_menu_typo_font_weight":"","ocean_menu_typo_font_weight_tablet":"","ocean_menu_typo_font_weight_mobile":"","ocean_menu_typo_transform":"","ocean_menu_typo_transform_tablet":"","ocean_menu_typo_transform_mobile":"","ocean_menu_typo_line_height":0,"ocean_menu_typo_line_height_tablet":0,"ocean_menu_typo_line_height_mobile":0,"ocean_menu_typo_line_height_unit":"","ocean_menu_typo_spacing":0,"ocean_menu_typo_spacing_tablet":0,"ocean_menu_typo_spacing_mobile":0,"ocean_menu_typo_spacing_unit":"","ocean_menu_link_color":"","ocean_menu_link_color_hover":"","ocean_menu_link_color_active":"","ocean_menu_link_background":"","ocean_menu_link_hover_background":"","ocean_menu_link_active_background":"","ocean_menu_social_links_bg":"","ocean_menu_social_hover_links_bg":"","ocean_menu_social_links_color":"","ocean_menu_social_hover_links_color":"","ocean_disable_title":"on","ocean_disable_heading":"default","ocean_post_title":"","ocean_post_subheading":"","ocean_post_title_style":"","ocean_post_title_background_color":"","ocean_post_title_background":0,"ocean_post_title_bg_image_position":"","ocean_post_title_bg_image_attachment":"","ocean_post_title_bg_image_repeat":"","ocean_post_title_bg_image_size":"","ocean_post_title_height":0,"ocean_post_title_bg_overlay":0.5,"ocean_post_title_bg_overlay_color":"","ocean_disable_breadcrumbs":"default","ocean_breadcrumbs_color":"","ocean_breadcrumbs_separator_color":"","ocean_breadcrumbs_links_color":"","ocean_breadcrumbs_links_hover_color":"","ocean_display_footer_widgets":"on","ocean_display_footer_bottom":"on","ocean_custom_footer_template":"0","footnotes":""},"class_list":["post-10","page","type-page","status-publish","hentry","entry"],"_links":{"self":[{"href":"https:\/\/hika-bau.de\/index.php?rest_route=\/wp\/v2\/pages\/10","targetHints":{"allow":["GET"]}}],"collection":[{"href":"https:\/\/hika-bau.de\/index.php?rest_route=\/wp\/v2\/pages"}],"about":[{"href":"https:\/\/hika-bau.de\/index.php?rest_route=\/wp\/v2\/types\/page"}],"author":[{"embeddable":true,"href":"https:\/\/hika-bau.de\/index.php?rest_route=\/wp\/v2\/users\/1"}],"replies":[{"embeddable":true,"href":"https:\/\/hika-bau.de\/index.php?rest_route=%2Fwp%2Fv2%2Fcomments&post=10"}],"version-history":[{"count":10,"href":"https:\/\/hika-bau.de\/index.php?rest_route=\/wp\/v2\/pages\/10\/revisions"}],"predecessor-version":[{"id":279,"href":"https:\/\/hika-bau.de\/index.php?rest_route=\/wp\/v2\/pages\/10\/revisions\/279"}],"wp:attachment":[{"href":"https:\/\/hika-bau.de\/index.php?rest_route=%2Fwp%2Fv2%2Fmedia&parent=10"}],"curies":[{"name":"wp","href":"https:\/\/api.w.org\/{rel}","templated":true}]}}